{"id":626,"date":"2025-03-29T00:52:33","date_gmt":"2025-03-29T00:52:33","guid":{"rendered":"https:\/\/plum-salmon-961301.hostingersite.com\/?page_id=626"},"modified":"2025-05-03T19:43:17","modified_gmt":"2025-05-03T19:43:17","slug":"wiersze-i-piosenki","status":"publish","type":"page","link":"https:\/\/danek.net\/wiersze-i-piosenki\/","title":{"rendered":"wiersze i piosenki"},"content":{"rendered":"\n<p><\/p>\n\n\n\n<div class=\"wp-block-uagb-container uagb-block-cfbe1aeb alignfull uagb-is-root-container\"><div class=\"uagb-container-inner-blocks-wrap\">\n<div class=\"wp-block-uagb-container uagb-block-5d87934d\">\n<p style=\"font-size:24px\">Witam!<br><br>Czy trafili\u015bcie tutaj celowo czy przypadkiem, mam nadziej\u0119, \u017ce moje wiersze i piosenki pozwol\u0105 Wam cho\u0107 na moment oderwa\u0107 si\u0119 od codziennego po\u015bpiechu i \u017ce znajdziecie w nich co\u015b dla siebie. <br><br>Zapraszam do czytania i s\u0142uchania!<\/p>\n\n\n\n<p style=\"font-size:36px\"><em>Maciej Danek<\/em><\/p>\n<\/div>\n\n\n\n<div class=\"wp-block-uagb-container uagb-block-0f52c398\">\n<figure class=\"wp-block-image size-large has-custom-border\"><img loading=\"lazy\" decoding=\"async\" width=\"1024\" height=\"683\" src=\"http:\/\/danek.net\/wp-content\/uploads\/2023\/09\/danekgra2-duze-1024x683.png\" alt=\"\" class=\"wp-image-264\" style=\"border-radius:16px\" srcset=\"https:\/\/danek.net\/wp-content\/uploads\/2023\/09\/danekgra2-duze-1024x683.png 1024w, https:\/\/danek.net\/wp-content\/uploads\/2023\/09\/danekgra2-duze-300x200.png 300w, https:\/\/danek.net\/wp-content\/uploads\/2023\/09\/danekgra2-duze-768x512.png 768w, https:\/\/danek.net\/wp-content\/uploads\/2023\/09\/danekgra2-duze-1536x1024.png 1536w\" sizes=\"auto, (max-width: 1024px) 100vw, 1024px\" \/><\/figure>\n<\/div>\n<\/div><\/div>\n\n\n\n<p style=\"margin-top:0;margin-right:0;margin-bottom:0;margin-left:0\"><\/p>\n","protected":false},"excerpt":{"rendered":"<p>Witam! Czy trafili\u015bcie tutaj celowo czy przypadkiem, mam nadziej\u0119, \u017ce moje wiersze i piosenki pozwol\u0105 Wam cho\u0107 na moment oderwa\u0107 [&hellip;]<\/p>\n","protected":false},"author":1,"featured_media":0,"parent":0,"menu_order":0,"comment_status":"closed","ping_status":"closed","template":"","meta":{"_uag_custom_page_level_css":"","site-sidebar-layout":"default","site-content-layout":"","ast-site-content-layout":"default","site-content-style":"default","site-sidebar-style":"default","ast-global-header-display":"","ast-banner-title-visibility":"","ast-main-header-display":"","ast-hfb-above-header-display":"","ast-hfb-below-header-display":"","ast-hfb-mobile-header-display":"","site-post-title":"","ast-breadcrumbs-content":"","ast-featured-img":"","footer-sml-layout":"","ast-disable-related-posts":"","theme-transparent-header-meta":"","adv-header-id-meta":"","stick-header-meta":"","header-above-stick-meta":"","header-main-stick-meta":"","header-below-stick-meta":"","astra-migrate-meta-layouts":"default","ast-page-background-enabled":"default","ast-page-background-meta":{"desktop":{"background-color":"var(--ast-global-color-5)","background-image":"","background-repeat":"repeat","background-position":"center center","background-size":"auto","background-attachment":"scroll","background-type":"","background-media":"","overlay-type":"","overlay-color":"","overlay-opacity":"","overlay-gradient":""},"tablet":{"background-color":"","background-image":"","background-repeat":"repeat","background-position":"center center","background-size":"auto","background-attachment":"scroll","background-type":"","background-media":"","overlay-type":"","overlay-color":"","overlay-opacity":"","overlay-gradient":""},"mobile":{"background-color":"","background-image":"","background-repeat":"repeat","background-position":"center center","background-size":"auto","background-attachment":"scroll","background-type":"","background-media":"","overlay-type":"","overlay-color":"","overlay-opacity":"","overlay-gradient":""}},"ast-content-background-meta":{"desktop":{"background-color":"var(--ast-global-color-4)","background-image":"","background-repeat":"repeat","background-position":"center center","background-size":"auto","background-attachment":"scroll","background-type":"","background-media":"","overlay-type":"","overlay-color":"","overlay-opacity":"","overlay-gradient":""},"tablet":{"background-color":"var(--ast-global-color-4)","background-image":"","background-repeat":"repeat","background-position":"center center","background-size":"auto","background-attachment":"scroll","background-type":"","background-media":"","overlay-type":"","overlay-color":"","overlay-opacity":"","overlay-gradient":""},"mobile":{"background-color":"var(--ast-global-color-4)","background-image":"","background-repeat":"repeat","background-position":"center center","background-size":"auto","background-attachment":"scroll","background-type":"","background-media":"","overlay-type":"","overlay-color":"","overlay-opacity":"","overlay-gradient":""}},"footnotes":""},"class_list":["post-626","page","type-page","status-publish","hentry"],"uagb_featured_image_src":{"full":false,"thumbnail":false,"medium":false,"medium_large":false,"large":false,"1536x1536":false,"2048x2048":false},"uagb_author_info":{"display_name":"danekma","author_link":"https:\/\/danek.net\/wiersze-i-piosenki\/author\/danekma\/"},"uagb_comment_info":0,"uagb_excerpt":"Witam! Czy trafili\u015bcie tutaj celowo czy przypadkiem, mam nadziej\u0119, \u017ce moje wiersze i piosenki pozwol\u0105 Wam cho\u0107 na moment oderwa\u0107 [&hellip;]","_links":{"self":[{"href":"https:\/\/danek.net\/wiersze-i-piosenki\/wp-json\/wp\/v2\/pages\/626","targetHints":{"allow":["GET"]}}],"collection":[{"href":"https:\/\/danek.net\/wiersze-i-piosenki\/wp-json\/wp\/v2\/pages"}],"about":[{"href":"https:\/\/danek.net\/wiersze-i-piosenki\/wp-json\/wp\/v2\/types\/page"}],"author":[{"embeddable":true,"href":"https:\/\/danek.net\/wiersze-i-piosenki\/wp-json\/wp\/v2\/users\/1"}],"replies":[{"embeddable":true,"href":"https:\/\/danek.net\/wiersze-i-piosenki\/wp-json\/wp\/v2\/comments?post=626"}],"version-history":[{"count":7,"href":"https:\/\/danek.net\/wiersze-i-piosenki\/wp-json\/wp\/v2\/pages\/626\/revisions"}],"predecessor-version":[{"id":752,"href":"https:\/\/danek.net\/wiersze-i-piosenki\/wp-json\/wp\/v2\/pages\/626\/revisions\/752"}],"wp:attachment":[{"href":"https:\/\/danek.net\/wiersze-i-piosenki\/wp-json\/wp\/v2\/media?parent=626"}],"curies":[{"name":"wp","href":"https:\/\/api.w.org\/{rel}","templated":true}]}}